{"id":9791,"date":"2022-10-11T22:19:20","date_gmt":"2022-10-11T22:19:20","guid":{"rendered":"https:\/\/www.hardwareandwebsite.com\/creation-de-site-internet\/?page_id=9791"},"modified":"2022-10-11T22:19:53","modified_gmt":"2022-10-11T22:19:53","slug":"mentions-legales","status":"publish","type":"page","link":"https:\/\/www.hardwareandwebsite.com\/creation-de-site-internet\/mentions-legales\/","title":{"rendered":"Mentions l\u00e9gales"},"content":{"rendered":"\t\t<div data-elementor-type=\"wp-page\" data-elementor-id=\"9791\" class=\"elementor elementor-9791\">\n\t\t\t\t\t\t\t\t\t<section class=\"elementor-section elementor-top-section elementor-element elementor-element-209c608 elementor-section-boxed elementor-section-height-default elementor-section-height-default\" data-id=\"209c608\" data-element_type=\"section\">\n\t\t\t\t\t\t<div class=\"elementor-container elementor-column-gap-default\">\n\t\t\t\t\t<div class=\"elementor-column elementor-col-100 elementor-top-column elementor-element elementor-element-c5d1012\" data-id=\"c5d1012\" data-element_type=\"column\">\n\t\t\t<div class=\"elementor-widget-wrap elementor-element-populated\">\n\t\t\t\t\t\t\t\t<div class=\"elementor-element elementor-element-10cea6b elementor-widget elementor-widget-text-editor\" data-id=\"10cea6b\" data-element_type=\"widget\" data-widget_type=\"text-editor.default\">\n\t\t\t\t<div class=\"elementor-widget-container\">\n\t\t\t<style>\/*! elementor - v3.6.2 - 04-04-2022 *\/\n.elementor-widget-text-editor.elementor-drop-cap-view-stacked .elementor-drop-cap{background-color:#818a91;color:#fff}.elementor-widget-text-editor.elementor-drop-cap-view-framed .elementor-drop-cap{color:#818a91;border:3px solid;background-color:transparent}.elementor-widget-text-editor:not(.elementor-drop-cap-view-default) .elementor-drop-cap{margin-top:8px}.elementor-widget-text-editor:not(.elementor-drop-cap-view-default) .elementor-drop-cap-letter{width:1em;height:1em}.elementor-widget-text-editor .elementor-drop-cap{float:left;text-align:center;line-height:1;font-size:50px}.elementor-widget-text-editor .elementor-drop-cap-letter{display:inline-block}<\/style>\t\t\t\t<p><span style=\"color: rgb(122, 122, 122); font-size: 16px; letter-spacing: 0.8px;\">Propri\u00e9taire du site : Martin Alexandre \u2013 Auto-entrepreneur N\u00b0 SIRET : 49806495500038 \u2013 10, Rue du colis\u00e9e 75008 Paris<\/span><br style=\"hyphens: auto; overflow-wrap: break-word; color: rgb(122, 122, 122); font-size: 16px; letter-spacing: 0.8px; outline-style: initial !important; outline-width: 0px !important;\"><span style=\"color: rgb(122, 122, 122); font-size: 16px; letter-spacing: 0.8px;\">Responsable de publication : Martin Alexandre<\/span><br style=\"hyphens: auto; overflow-wrap: break-word; color: rgb(122, 122, 122); font-size: 16px; letter-spacing: 0.8px; outline-style: initial !important; outline-width: 0px !important;\"><span style=\"color: rgb(122, 122, 122); font-size: 16px; letter-spacing: 0.8px;\">H\u00e9bergeur : Planethosteur 4416 Louis B. Mayer, Laval (Qu\u00e9bec) H7P 0G1, Canada T\u00e9l: 01 76 60 41 43<\/span><br><\/p>\t\t\t\t\t\t<\/div>\n\t\t\t\t<\/div>\n\t\t\t\t\t<\/div>\n\t\t<\/div>\n\t\t\t\t\t\t\t<\/div>\n\t\t<\/section>\n\t\t\t\t\t\t\t<\/div>\n\t\t","protected":false},"excerpt":{"rendered":"<p>Propri\u00e9taire du site : Martin Alexandre \u2013 Auto-entrepreneur N\u00b0 SIRET : 49806495500038 \u2013 10, Rue du colis\u00e9e 75008 ParisResponsable de publication : Martin AlexandreH\u00e9bergeur : Planethosteur 4416 Louis B. Mayer, Laval (Qu\u00e9bec) H7P 0G1, Canada T\u00e9l: 01 76 60 41 43<\/p>\n","protected":false},"author":1,"featured_media":0,"parent":0,"menu_order":0,"comment_status":"closed","ping_status":"closed","template":"","meta":[],"_links":{"self":[{"href":"https:\/\/www.hardwareandwebsite.com\/creation-de-site-internet\/wp-json\/wp\/v2\/pages\/9791"}],"collection":[{"href":"https:\/\/www.hardwareandwebsite.com\/creation-de-site-internet\/wp-json\/wp\/v2\/pages"}],"about":[{"href":"https:\/\/www.hardwareandwebsite.com\/creation-de-site-internet\/wp-json\/wp\/v2\/types\/page"}],"author":[{"embeddable":true,"href":"https:\/\/www.hardwareandwebsite.com\/creation-de-site-internet\/wp-json\/wp\/v2\/users\/1"}],"replies":[{"embeddable":true,"href":"https:\/\/www.hardwareandwebsite.com\/creation-de-site-internet\/wp-json\/wp\/v2\/comments?post=9791"}],"version-history":[{"count":4,"href":"https:\/\/www.hardwareandwebsite.com\/creation-de-site-internet\/wp-json\/wp\/v2\/pages\/9791\/revisions"}],"predecessor-version":[{"id":9795,"href":"https:\/\/www.hardwareandwebsite.com\/creation-de-site-internet\/wp-json\/wp\/v2\/pages\/9791\/revisions\/9795"}],"wp:attachment":[{"href":"https:\/\/www.hardwareandwebsite.com\/creation-de-site-internet\/wp-json\/wp\/v2\/media?parent=9791"}],"curies":[{"name":"wp","href":"https:\/\/api.w.org\/{rel}","templated":true}]}}