{"id":5370,"date":"2019-07-24T08:14:43","date_gmt":"2019-07-24T08:14:43","guid":{"rendered":"https:\/\/ryse.radiantthemes.com\/?page_id=5370"},"modified":"2022-10-17T18:33:01","modified_gmt":"2022-10-17T18:33:01","slug":"tarif-annuel-renouvellement-2","status":"publish","type":"page","link":"https:\/\/www.hardwareandwebsite.com\/creation-de-site-internet\/tarif-annuel-renouvellement-2\/","title":{"rendered":"Tarif Annuel Renouvellement"},"content":{"rendered":"\t\t<div data-elementor-type=\"wp-post\" data-elementor-id=\"5370\" class=\"elementor elementor-5370\">\n\t\t\t\t\t\t\t\t\t<section class=\"elementor-section elementor-inner-section elementor-element elementor-element-535111e9 hidden elementor-section-boxed elementor-section-height-default elementor-section-height-default\" data-id=\"535111e9\" data-element_type=\"section\">\n\t\t\t\t\t\t<div class=\"elementor-container elementor-column-gap-default\">\n\t\t\t\t\t<div class=\"elementor-column elementor-col-33 elementor-inner-column elementor-element elementor-element-2e1bd6ed\" data-id=\"2e1bd6ed\" data-element_type=\"column\">\n\t\t\t<div class=\"elementor-widget-wrap\">\n\t\t\t\t\t\t\t\t\t<\/div>\n\t\t<\/div>\n\t\t\t\t<div class=\"elementor-column elementor-col-33 elementor-inner-column elementor-element elementor-element-24bbb170\" data-id=\"24bbb170\" data-element_type=\"column\">\n\t\t\t<div class=\"elementor-widget-wrap elementor-element-populated\">\n\t\t\t\t\t\t\t\t<div class=\"elementor-element elementor-element-6eb18812 elementor-widget elementor-widget-heading\" data-id=\"6eb18812\" data-element_type=\"widget\" data-widget_type=\"heading.default\">\n\t\t\t\t<div class=\"elementor-widget-container\">\n\t\t\t<style>\/*! elementor - v3.6.2 - 04-04-2022 *\/\n.elementor-heading-title{padding:0;margin:0;line-height:1}.elementor-widget-heading .elementor-heading-title[class*=elementor-size-]>a{color:inherit;font-size:inherit;line-height:inherit}.elementor-widget-heading .elementor-heading-title.elementor-size-small{font-size:15px}.elementor-widget-heading .elementor-heading-title.elementor-size-medium{font-size:19px}.elementor-widget-heading .elementor-heading-title.elementor-size-large{font-size:29px}.elementor-widget-heading .elementor-heading-title.elementor-size-xl{font-size:39px}.elementor-widget-heading .elementor-heading-title.elementor-size-xxl{font-size:59px}<\/style><h4 class=\"elementor-heading-title elementor-size-default\">Flip Box<\/h4>\t\t<\/div>\n\t\t\t\t<\/div>\n\t\t\t\t<div class=\"elementor-element elementor-element-7bb30095 elementor-widget elementor-widget-radiant-separator\" data-id=\"7bb30095\" data-element_type=\"widget\" data-widget_type=\"radiant-separator.default\">\n\t\t\t\t<div class=\"elementor-widget-container\">\n\t\t\t<div class=\"radiantthemes-separator element-one text-center\"><div class=\"radiantthemes-separator-block\" style=\"width: 50px; height: 4px;\"><div class=\"radiantthemes-separator-block-gap\"><\/div><\/div><\/div>\t\t<\/div>\n\t\t\t\t<\/div>\n\t\t\t\t\t<\/div>\n\t\t<\/div>\n\t\t\t\t<div class=\"elementor-column elementor-col-33 elementor-inner-column elementor-element elementor-element-731a11dc\" data-id=\"731a11dc\" data-element_type=\"column\">\n\t\t\t<div class=\"elementor-widget-wrap\">\n\t\t\t\t\t\t\t\t\t<\/div>\n\t\t<\/div>\n\t\t\t\t\t\t\t<\/div>\n\t\t<\/section>\n\t\t\t\t<section class=\"elementor-section elementor-top-section elementor-element elementor-element-5558be0 elementor-section-boxed elementor-section-height-default elementor-section-height-default\" data-id=\"5558be0\" data-element_type=\"section\">\n\t\t\t\t\t\t<div class=\"elementor-container elementor-column-gap-default\">\n\t\t\t\t\t<div class=\"elementor-column elementor-col-100 elementor-top-column elementor-element elementor-element-812f18e\" data-id=\"812f18e\" data-element_type=\"column\">\n\t\t\t<div class=\"elementor-widget-wrap elementor-element-populated\">\n\t\t\t\t\t\t\t\t<div class=\"elementor-element elementor-element-421785f elementor-widget elementor-widget-text-editor\" data-id=\"421785f\" data-element_type=\"widget\" data-widget_type=\"text-editor.default\">\n\t\t\t\t<div class=\"elementor-widget-container\">\n\t\t\t<style>\/*! elementor - v3.6.2 - 04-04-2022 *\/\n.elementor-widget-text-editor.elementor-drop-cap-view-stacked .elementor-drop-cap{background-color:#818a91;color:#fff}.elementor-widget-text-editor.elementor-drop-cap-view-framed .elementor-drop-cap{color:#818a91;border:3px solid;background-color:transparent}.elementor-widget-text-editor:not(.elementor-drop-cap-view-default) .elementor-drop-cap{margin-top:8px}.elementor-widget-text-editor:not(.elementor-drop-cap-view-default) .elementor-drop-cap-letter{width:1em;height:1em}.elementor-widget-text-editor .elementor-drop-cap{float:left;text-align:center;line-height:1;font-size:50px}.elementor-widget-text-editor .elementor-drop-cap-letter{display:inline-block}<\/style>\t\t\t\t<p style=\"text-align: center;\"><strong>Le Prix du renouvellement du pack pro \u00e9lite est de 340\u20ac<br \/>&#8211; Pour 1 ann\u00e9e de date \u00e0 date<br \/>&#8211; Inclus 3 h de cours dans nos bureaux \u00e0 paris ou en province (77)<br \/>&#8211; Possibilit\u00e9 d&#8217;avoir des cours suppl\u00e9mentaires en ligne, dans nos bureaux, ou \u00e0 votre domicile.<\/strong><\/p>\t\t\t\t\t\t<\/div>\n\t\t\t\t<\/div>\n\t\t\t\t\t<\/div>\n\t\t<\/div>\n\t\t\t\t\t\t\t<\/div>\n\t\t<\/section>\n\t\t\t\t\t\t\t<\/div>\n\t\t","protected":false},"excerpt":{"rendered":"<p>Flip Box Le Prix du renouvellement du pack pro \u00e9lite est de 340\u20ac&#8211; Pour 1 ann\u00e9e de date \u00e0 date&#8211; Inclus 3 h de cours dans nos bureaux \u00e0 paris ou en province (77)&#8211; Possibilit\u00e9 d&#8217;avoir des cours suppl\u00e9mentaires en ligne, dans nos bureaux, ou \u00e0 votre domicile.<\/p>\n","protected":false},"author":1,"featured_media":4244,"parent":0,"menu_order":0,"comment_status":"closed","ping_status":"closed","template":"elementor_header_footer","meta":[],"_links":{"self":[{"href":"https:\/\/www.hardwareandwebsite.com\/creation-de-site-internet\/wp-json\/wp\/v2\/pages\/5370"}],"collection":[{"href":"https:\/\/www.hardwareandwebsite.com\/creation-de-site-internet\/wp-json\/wp\/v2\/pages"}],"about":[{"href":"https:\/\/www.hardwareandwebsite.com\/creation-de-site-internet\/wp-json\/wp\/v2\/types\/page"}],"author":[{"embeddable":true,"href":"https:\/\/www.hardwareandwebsite.com\/creation-de-site-internet\/wp-json\/wp\/v2\/users\/1"}],"replies":[{"embeddable":true,"href":"https:\/\/www.hardwareandwebsite.com\/creation-de-site-internet\/wp-json\/wp\/v2\/comments?post=5370"}],"version-history":[{"count":21,"href":"https:\/\/www.hardwareandwebsite.com\/creation-de-site-internet\/wp-json\/wp\/v2\/pages\/5370\/revisions"}],"predecessor-version":[{"id":9918,"href":"https:\/\/www.hardwareandwebsite.com\/creation-de-site-internet\/wp-json\/wp\/v2\/pages\/5370\/revisions\/9918"}],"wp:featuredmedia":[{"embeddable":true,"href":"https:\/\/www.hardwareandwebsite.com\/creation-de-site-internet\/wp-json\/"}],"wp:attachment":[{"href":"https:\/\/www.hardwareandwebsite.com\/creation-de-site-internet\/wp-json\/wp\/v2\/media?parent=5370"}],"curies":[{"name":"wp","href":"https:\/\/api.w.org\/{rel}","templated":true}]}}