{"id":5362,"date":"2019-07-24T08:11:51","date_gmt":"2019-07-24T08:11:51","guid":{"rendered":"https:\/\/ryse.radiantthemes.com\/?page_id=5362"},"modified":"2022-10-17T18:30:39","modified_gmt":"2022-10-17T18:30:39","slug":"tarif-annuel-demarrage-2","status":"publish","type":"page","link":"https:\/\/www.hardwareandwebsite.com\/creation-de-site-internet\/tarif-annuel-demarrage-2\/","title":{"rendered":"Tarif Annuel D\u00e9marrage"},"content":{"rendered":"\t\t<div data-elementor-type=\"wp-post\" data-elementor-id=\"5362\" class=\"elementor elementor-5362\">\n\t\t\t\t\t\t\t\t\t<section class=\"elementor-section elementor-inner-section elementor-element elementor-element-18fec15d hidden elementor-section-boxed elementor-section-height-default elementor-section-height-default\" data-id=\"18fec15d\" data-element_type=\"section\">\n\t\t\t\t\t\t<div class=\"elementor-container elementor-column-gap-default\">\n\t\t\t\t\t<div class=\"elementor-column elementor-col-33 elementor-inner-column elementor-element elementor-element-1d6968e6\" data-id=\"1d6968e6\" data-element_type=\"column\">\n\t\t\t<div class=\"elementor-widget-wrap\">\n\t\t\t\t\t\t\t\t\t<\/div>\n\t\t<\/div>\n\t\t\t\t<div class=\"elementor-column elementor-col-33 elementor-inner-column elementor-element elementor-element-25725627\" data-id=\"25725627\" data-element_type=\"column\">\n\t\t\t<div class=\"elementor-widget-wrap elementor-element-populated\">\n\t\t\t\t\t\t\t\t<div class=\"elementor-element elementor-element-6ff823d4 elementor-widget elementor-widget-heading\" data-id=\"6ff823d4\" data-element_type=\"widget\" data-widget_type=\"heading.default\">\n\t\t\t\t<div class=\"elementor-widget-container\">\n\t\t\t<style>\/*! elementor - v3.6.2 - 04-04-2022 *\/\n.elementor-heading-title{padding:0;margin:0;line-height:1}.elementor-widget-heading .elementor-heading-title[class*=elementor-size-]>a{color:inherit;font-size:inherit;line-height:inherit}.elementor-widget-heading .elementor-heading-title.elementor-size-small{font-size:15px}.elementor-widget-heading .elementor-heading-title.elementor-size-medium{font-size:19px}.elementor-widget-heading .elementor-heading-title.elementor-size-large{font-size:29px}.elementor-widget-heading .elementor-heading-title.elementor-size-xl{font-size:39px}.elementor-widget-heading .elementor-heading-title.elementor-size-xxl{font-size:59px}<\/style><h4 class=\"elementor-heading-title elementor-size-default\">Flip Box<\/h4>\t\t<\/div>\n\t\t\t\t<\/div>\n\t\t\t\t<div class=\"elementor-element elementor-element-7b812043 elementor-widget elementor-widget-radiant-separator\" data-id=\"7b812043\" data-element_type=\"widget\" data-widget_type=\"radiant-separator.default\">\n\t\t\t\t<div class=\"elementor-widget-container\">\n\t\t\t<div class=\"radiantthemes-separator element-one text-center\"><div class=\"radiantthemes-separator-block\" style=\"width: 50px; height: 4px;\"><div class=\"radiantthemes-separator-block-gap\"><\/div><\/div><\/div>\t\t<\/div>\n\t\t\t\t<\/div>\n\t\t\t\t\t<\/div>\n\t\t<\/div>\n\t\t\t\t<div class=\"elementor-column elementor-col-33 elementor-inner-column elementor-element elementor-element-7509137b\" data-id=\"7509137b\" data-element_type=\"column\">\n\t\t\t<div class=\"elementor-widget-wrap\">\n\t\t\t\t\t\t\t\t\t<\/div>\n\t\t<\/div>\n\t\t\t\t\t\t\t<\/div>\n\t\t<\/section>\n\t\t\t\t<section class=\"elementor-section elementor-top-section elementor-element elementor-element-735e9c5 elementor-section-boxed elementor-section-height-default elementor-section-height-default\" data-id=\"735e9c5\" data-element_type=\"section\">\n\t\t\t\t\t\t<div class=\"elementor-container elementor-column-gap-default\">\n\t\t\t\t\t<div class=\"elementor-column elementor-col-100 elementor-top-column elementor-element elementor-element-3241ecf\" data-id=\"3241ecf\" data-element_type=\"column\">\n\t\t\t<div class=\"elementor-widget-wrap elementor-element-populated\">\n\t\t\t\t\t\t\t\t<div class=\"elementor-element elementor-element-fee9c81 elementor-widget elementor-widget-text-editor\" data-id=\"fee9c81\" data-element_type=\"widget\" data-widget_type=\"text-editor.default\">\n\t\t\t\t<div class=\"elementor-widget-container\">\n\t\t\t<style>\/*! elementor - v3.6.2 - 04-04-2022 *\/\n.elementor-widget-text-editor.elementor-drop-cap-view-stacked .elementor-drop-cap{background-color:#818a91;color:#fff}.elementor-widget-text-editor.elementor-drop-cap-view-framed .elementor-drop-cap{color:#818a91;border:3px solid;background-color:transparent}.elementor-widget-text-editor:not(.elementor-drop-cap-view-default) .elementor-drop-cap{margin-top:8px}.elementor-widget-text-editor:not(.elementor-drop-cap-view-default) .elementor-drop-cap-letter{width:1em;height:1em}.elementor-widget-text-editor .elementor-drop-cap{float:left;text-align:center;line-height:1;font-size:50px}.elementor-widget-text-editor .elementor-drop-cap-letter{display:inline-block}<\/style>\t\t\t\t<p style=\"text-align: center;\"><strong>Le Prix du pack pro \u00e9lite est de 700\u20ac<br \/>&#8211; Pour 1 ann\u00e9e de date \u00e0 date<br \/>&#8211; Inclus 3 h de cours dans nos bureaux \u00e0 paris ou en province (77)<br \/>&#8211; Possibilit\u00e9 d&#8217;avoir des cours suppl\u00e9mentaires en ligne, dans nos bureaux, ou \u00e0 votre domicile.<\/strong><\/p>\t\t\t\t\t\t<\/div>\n\t\t\t\t<\/div>\n\t\t\t\t\t<\/div>\n\t\t<\/div>\n\t\t\t\t\t\t\t<\/div>\n\t\t<\/section>\n\t\t\t\t\t\t\t<\/div>\n\t\t","protected":false},"excerpt":{"rendered":"<p>Flip Box Le Prix du pack pro \u00e9lite est de 700\u20ac&#8211; Pour 1 ann\u00e9e de date \u00e0 date&#8211; Inclus 3 h de cours dans nos bureaux \u00e0 paris ou en province (77)&#8211; Possibilit\u00e9 d&#8217;avoir des cours suppl\u00e9mentaires en ligne, dans nos bureaux, ou \u00e0 votre domicile.<\/p>\n","protected":false},"author":1,"featured_media":4244,"parent":0,"menu_order":0,"comment_status":"closed","ping_status":"closed","template":"elementor_header_footer","meta":[],"_links":{"self":[{"href":"https:\/\/www.hardwareandwebsite.com\/creation-de-site-internet\/wp-json\/wp\/v2\/pages\/5362"}],"collection":[{"href":"https:\/\/www.hardwareandwebsite.com\/creation-de-site-internet\/wp-json\/wp\/v2\/pages"}],"about":[{"href":"https:\/\/www.hardwareandwebsite.com\/creation-de-site-internet\/wp-json\/wp\/v2\/types\/page"}],"author":[{"embeddable":true,"href":"https:\/\/www.hardwareandwebsite.com\/creation-de-site-internet\/wp-json\/wp\/v2\/users\/1"}],"replies":[{"embeddable":true,"href":"https:\/\/www.hardwareandwebsite.com\/creation-de-site-internet\/wp-json\/wp\/v2\/comments?post=5362"}],"version-history":[{"count":17,"href":"https:\/\/www.hardwareandwebsite.com\/creation-de-site-internet\/wp-json\/wp\/v2\/pages\/5362\/revisions"}],"predecessor-version":[{"id":9912,"href":"https:\/\/www.hardwareandwebsite.com\/creation-de-site-internet\/wp-json\/wp\/v2\/pages\/5362\/revisions\/9912"}],"wp:featuredmedia":[{"embeddable":true,"href":"https:\/\/www.hardwareandwebsite.com\/creation-de-site-internet\/wp-json\/"}],"wp:attachment":[{"href":"https:\/\/www.hardwareandwebsite.com\/creation-de-site-internet\/wp-json\/wp\/v2\/media?parent=5362"}],"curies":[{"name":"wp","href":"https:\/\/api.w.org\/{rel}","templated":true}]}}