{"id":5285,"date":"2019-07-24T06:57:44","date_gmt":"2019-07-24T06:57:44","guid":{"rendered":"https:\/\/ryse.radiantthemes.com\/?page_id=5285"},"modified":"2022-10-15T22:01:57","modified_gmt":"2022-10-15T22:01:57","slug":"forfait-pro","status":"publish","type":"page","link":"https:\/\/www.hardwareandwebsite.com\/creation-de-site-internet\/forfait-pro\/","title":{"rendered":"Forfait Pro"},"content":{"rendered":"\t\t<div data-elementor-type=\"wp-post\" data-elementor-id=\"5285\" class=\"elementor elementor-5285\">\n\t\t\t\t\t\t\t\t\t<section class=\"elementor-section elementor-top-section elementor-element elementor-element-09a2fa7 elementor-section-boxed elementor-section-height-default elementor-section-height-default\" data-id=\"09a2fa7\" data-element_type=\"section\">\n\t\t\t\t\t\t<div class=\"elementor-container elementor-column-gap-default\">\n\t\t\t\t\t<div class=\"elementor-column elementor-col-100 elementor-top-column elementor-element elementor-element-fca7609\" data-id=\"fca7609\" data-element_type=\"column\">\n\t\t\t<div class=\"elementor-widget-wrap elementor-element-populated\">\n\t\t\t\t\t\t\t\t<div class=\"elementor-element elementor-element-e2c825c elementor-widget elementor-widget-text-editor\" data-id=\"e2c825c\" data-element_type=\"widget\" data-widget_type=\"text-editor.default\">\n\t\t\t\t<div class=\"elementor-widget-container\">\n\t\t\t<style>\/*! elementor - v3.6.2 - 04-04-2022 *\/\n.elementor-widget-text-editor.elementor-drop-cap-view-stacked .elementor-drop-cap{background-color:#818a91;color:#fff}.elementor-widget-text-editor.elementor-drop-cap-view-framed .elementor-drop-cap{color:#818a91;border:3px solid;background-color:transparent}.elementor-widget-text-editor:not(.elementor-drop-cap-view-default) .elementor-drop-cap{margin-top:8px}.elementor-widget-text-editor:not(.elementor-drop-cap-view-default) .elementor-drop-cap-letter{width:1em;height:1em}.elementor-widget-text-editor .elementor-drop-cap{float:left;text-align:center;line-height:1;font-size:50px}.elementor-widget-text-editor .elementor-drop-cap-letter{display:inline-block}<\/style>\t\t\t\t<p style=\"text-align: center;\"><strong>Contenu du forfait pro:<br \/>&#8211; Vous n&#8217;avez rien \u00e0 faire on s&#8217;occupe de votre site de A \u00e0 Z.<br \/>&#8211; Cr\u00e9ation de votre logo.<br \/>&#8211; Nom de domaine &#8211; H\u00e9bergement<br \/>&#8211; On passe dans votre boutique pour faire nous m\u00eame les photos de vos produits pour les ins\u00e9rer dans les pages web (sur Paris uniquement).<br \/>&#8211; Mise en place d&#8217;un syst\u00e8me de paiement sur votre site pour vendre vos produits.<br \/>&#8211; R\u00e9daction des mentions l\u00e9gales et conditions g\u00e9n\u00e9rales de ventes.<br \/>&#8211; Traduction de votre site dans 1 langue de votre choix.<br \/>-R\u00e9glage et automatisation de votre smartphone pour pouvoir g\u00e9rer facilement votre site depuis votre mobile.<\/strong><\/p><p style=\"text-align: center;\"><strong>Inclus dans le forfait pro une mise \u00e0 jour quotidienne de 5 minutes de votre site par nos soins.<\/strong><\/p>\t\t\t\t\t\t<\/div>\n\t\t\t\t<\/div>\n\t\t\t\t\t<\/div>\n\t\t<\/div>\n\t\t\t\t\t\t\t<\/div>\n\t\t<\/section>\n\t\t\t\t\t\t\t<\/div>\n\t\t","protected":false},"excerpt":{"rendered":"<p>Contenu du forfait pro:&#8211; Vous n&#8217;avez rien \u00e0 faire on s&#8217;occupe de votre site de A \u00e0 Z.&#8211; Cr\u00e9ation de votre logo.&#8211; Nom de domaine &#8211; H\u00e9bergement&#8211; On passe dans votre boutique pour faire nous m\u00eame les photos de vos produits pour les ins\u00e9rer dans les pages web (sur Paris uniquement).&#8211; Mise en place d&#8217;un [&hellip;]<\/p>\n","protected":false},"author":1,"featured_media":4244,"parent":0,"menu_order":0,"comment_status":"closed","ping_status":"closed","template":"elementor_header_footer","meta":[],"_links":{"self":[{"href":"https:\/\/www.hardwareandwebsite.com\/creation-de-site-internet\/wp-json\/wp\/v2\/pages\/5285"}],"collection":[{"href":"https:\/\/www.hardwareandwebsite.com\/creation-de-site-internet\/wp-json\/wp\/v2\/pages"}],"about":[{"href":"https:\/\/www.hardwareandwebsite.com\/creation-de-site-internet\/wp-json\/wp\/v2\/types\/page"}],"author":[{"embeddable":true,"href":"https:\/\/www.hardwareandwebsite.com\/creation-de-site-internet\/wp-json\/wp\/v2\/users\/1"}],"replies":[{"embeddable":true,"href":"https:\/\/www.hardwareandwebsite.com\/creation-de-site-internet\/wp-json\/wp\/v2\/comments?post=5285"}],"version-history":[{"count":24,"href":"https:\/\/www.hardwareandwebsite.com\/creation-de-site-internet\/wp-json\/wp\/v2\/pages\/5285\/revisions"}],"predecessor-version":[{"id":9893,"href":"https:\/\/www.hardwareandwebsite.com\/creation-de-site-internet\/wp-json\/wp\/v2\/pages\/5285\/revisions\/9893"}],"wp:featuredmedia":[{"embeddable":true,"href":"https:\/\/www.hardwareandwebsite.com\/creation-de-site-internet\/wp-json\/"}],"wp:attachment":[{"href":"https:\/\/www.hardwareandwebsite.com\/creation-de-site-internet\/wp-json\/wp\/v2\/media?parent=5285"}],"curies":[{"name":"wp","href":"https:\/\/api.w.org\/{rel}","templated":true}]}}